{"id":49,"date":"2020-06-24T01:22:16","date_gmt":"2020-06-23T23:22:16","guid":{"rendered":"https:\/\/spaziumani.com\/?page_id=49"},"modified":"2023-11-09T12:12:38","modified_gmt":"2023-11-09T11:12:38","slug":"home-page-2","status":"publish","type":"page","link":"https:\/\/spaziumani.com\/","title":{"rendered":"Home Page"},"content":{"rendered":"<p>[et_pb_section fb_built=&#8221;1&#8243; _builder_version=&#8221;4.16&#8243; background_image=&#8221;https:\/\/spaziumani.com\/wp-content\/uploads\/2019\/03\/alba.jpg&#8221; min_height=&#8221;794px&#8221; global_colors_info=&#8221;{}&#8221;][et_pb_row _builder_version=&#8221;4.16&#8243; global_colors_info=&#8221;{}&#8221;][et_pb_column type=&#8221;4_4&#8243; _builder_version=&#8221;4.16&#8243; global_colors_info=&#8221;{}&#8221;][et_pb_image src=&#8221;https:\/\/spaziumani.com\/wp-content\/uploads\/2020\/11\/customcolor_logo_transparent_background.png&#8221; title_text=&#8221;customcolor_logo_transparent_background&#8221; align=&#8221;center&#8221; _builder_version=&#8221;4.16&#8243; global_colors_info=&#8221;{}&#8221;][\/et_pb_image][\/et_pb_column][\/et_pb_row][et_pb_row _builder_version=&#8221;4.16&#8243; global_colors_info=&#8221;{}&#8221;][et_pb_column type=&#8221;4_4&#8243; _builder_version=&#8221;4.16&#8243; global_colors_info=&#8221;{}&#8221;][et_pb_text _builder_version=&#8221;4.16&#8243; text_text_color=&#8221;#EDF000&#8243; text_font_size=&#8221;37px&#8221; text_line_height=&#8221;2.1em&#8221; animation_style=&#8221;fade&#8221; text_text_shadow_style=&#8221;preset4&#8243; text_text_shadow_color=&#8221;#000000&#8243; global_colors_info=&#8221;{}&#8221;]<\/p>\n<p style=\"text-align: center;\"><span><strong>FANTASIA, INTUITO, PRATICITA&#8217; E DETERMINAZIONE<\/strong><\/span><\/p>\n<p>[\/et_pb_text][\/et_pb_column][\/et_pb_row][et_pb_row _builder_version=&#8221;4.16&#8243; custom_margin=&#8221;0px|auto||auto|false|false&#8221; global_colors_info=&#8221;{}&#8221;][et_pb_column type=&#8221;4_4&#8243; _builder_version=&#8221;4.16&#8243; global_colors_info=&#8221;{}&#8221;][et_pb_text _builder_version=&#8221;4.16&#8243; text_font=&#8221;Aclonica||||||||&#8221; text_font_size=&#8221;26px&#8221; text_letter_spacing=&#8221;3px&#8221; text_line_height=&#8221;1.8em&#8221; text_orientation=&#8221;center&#8221; custom_padding=&#8221;||0px|||&#8221; animation_style=&#8221;fade&#8221; text_text_shadow_style=&#8221;preset3&#8243; global_colors_info=&#8221;{}&#8221;]<\/p>\n<p>Spazi Umani \u00e8 un accelleratore di progetti innovativi promossi e supportati da Kreative People srls<\/p>\n<p>[\/et_pb_text][\/et_pb_column][\/et_pb_row][\/et_pb_section][et_pb_section fb_built=&#8221;1&#8243; theme_builder_area=&#8221;post_content&#8221; _builder_version=&#8221;4.23.1&#8243; _module_preset=&#8221;default&#8221;][et_pb_row _builder_version=&#8221;4.23.1&#8243; _module_preset=&#8221;default&#8221; theme_builder_area=&#8221;post_content&#8221;][et_pb_column _builder_version=&#8221;4.23.1&#8243; _module_preset=&#8221;default&#8221; type=&#8221;4_4&#8243; theme_builder_area=&#8221;post_content&#8221;][et_pb_image src=&#8221;https:\/\/spaziumani.com\/wp-content\/uploads\/2023\/11\/DALL\u00b7E-2023-11-09-03.30.22-An-abstract-representation-of-a-global-community-facing-the-challenges-of-war-and-technological-singularity.-The-image-should-depict-a-fractured-globe.png&#8221; _builder_version=&#8221;4.23.1&#8243; _module_preset=&#8221;default&#8221; theme_builder_area=&#8221;post_content&#8221; title_text=&#8221;DALL\u00b7E 2023-11-09 03.30.22 &#8211; An abstract representation of a global community facing the challenges of war and technological singularity. The image should depict a fractured globe&#8221; hover_enabled=&#8221;0&#8243; sticky_enabled=&#8221;0&#8243;][\/et_pb_image][\/et_pb_column][\/et_pb_row][et_pb_row _builder_version=&#8221;4.23.1&#8243; _module_preset=&#8221;default&#8221; theme_builder_area=&#8221;post_content&#8221;][et_pb_column _builder_version=&#8221;4.23.1&#8243; _module_preset=&#8221;default&#8221; type=&#8221;4_4&#8243; theme_builder_area=&#8221;post_content&#8221;][et_pb_text _builder_version=&#8221;4.23.1&#8243; _module_preset=&#8221;default&#8221; theme_builder_area=&#8221;post_content&#8221; hover_enabled=&#8221;0&#8243; sticky_enabled=&#8221;0&#8243;]<\/p>\n<p><strong>Manifesto per un Futuro di Pace e Responsabilit\u00e0 nell&#8217;Era della Singolarit\u00e0 Tecnologica e dei Conflitti Globali<\/strong><\/p>\n<p>Mentre ci troviamo al crocevia di una nuova era, segnata da conflitti sparsi che echeggiano la terribile possibilit\u00e0 di una Terza Guerra Mondiale e da un&#8217;accelerazione senza precedenti nel campo dell&#8217;intelligenza artificiale, ci appelliamo all&#8217;umanit\u00e0 intera affinch\u00e9 rifletta con urgenza e agisca con saggezza.<\/p>\n<p>Siamo testimoni di conflitti che sconvolgono nazioni e continenti, dal conflitto interno in Myanmar ai prolungati scontri israelo-palestinesi, dall&#8217;insurrezione nel Maghreb e nel Sahel alla guerra in Sudan, fino al conflitto Russo-Ucraina e alla crisi civile in Etiopia. Questi conflitti hanno mietuto innumerevoli vite e minacciano di estendere le loro ombre oscure ben oltre le aree in cui sono sorti.<\/p>\n<p>Parallelamente, ci avviciniamo al punto di singolarit\u00e0 tecnologica, un&#8217;epoca dove l&#8217;intelligenza artificiale potrebbe sfuggire al nostro controllo, promettendo cambiamenti radicali e sfidando il nostro stesso essere. Esperti e visionari come Ray Kurzweil prevedono questo punto di non ritorno entro il 2045, mentre altri, come Ben Goertzel, avvertono che potrebbe essere meno di un decennio distante.<\/p>\n<p>Questo manifesto sottolinea l&#8217;importanza di un impegno globale per la risoluzione pacifica dei conflitti e per un controllo consapevole dell&#8217;evoluzione tecnologica. Sottolineiamo la necessit\u00e0 di considerare le implicazioni morali delle tecnologie emergenti e di guidare il loro sviluppo in modo che sia benefico per l&#8217;umanit\u00e0 nel suo complesso.<\/p>\n<p>In quanto cittadini del mondo, dobbiamo:<\/p>\n<ol>\n<li>\n<p><strong>Favorire il Dialogo e la Comprensione<\/strong>: Promuovere la diplomazia internazionale e il dialogo interculturale per risolvere i conflitti esistenti e prevenire quelli futuri.<\/p>\n<\/li>\n<li>\n<p><strong>Educare e Preparare<\/strong>: Sensibilizzare il pubblico sui rischi e i benefici della singolarit\u00e0 tecnologica, preparando la societ\u00e0 per le trasformazioni che ne deriveranno.<\/p>\n<\/li>\n<li>\n<p><strong>Promuovere la Pace e la Giustizia<\/strong>: Lavorare senza sosta per costruire un futuro guidato dalla compassione, dalla giustizia e da un impegno incrollabile verso la pace e la prosperit\u00e0 condivisa.<\/p>\n<\/li>\n<li>\n<p><strong>Governare l&#8217;Innovazione con Saggezza<\/strong>: Sviluppare politiche globali per l&#8217;IA che promuovano l&#8217;equit\u00e0 e l&#8217;etica, assicurando che il progresso tecnologico serva l&#8217;interesse comune e rispetti i diritti di tutti.<\/p>\n<\/li>\n<\/ol>\n<p>Ci appelliamo ai leader mondiali, agli innovatori, ai custodi delle tradizioni e a ogni singolo individuo, a unirsi a noi in questa missione vitale. Lavoriamo insieme per garantire che l&#8217;eredit\u00e0 che lasciamo sia una di speranza, resilienza e un futuro scritto con le penne dell&#8217;unit\u00e0 e della responsabilit\u00e0 collettiva.<\/p>\n<p><strong>Insieme, possiamo forgiare un domani che, sebbene imprevedibile, sia luminoso e promettente per le generazioni a venire.<\/strong><\/p>\n<p>[\/et_pb_text][\/et_pb_column][\/et_pb_row][\/et_pb_section][et_pb_section fb_built=&#8221;1&#8243; _builder_version=&#8221;4.16&#8243; global_colors_info=&#8221;{}&#8221;][et_pb_row _builder_version=&#8221;4.16&#8243; width=&#8221;100%&#8221; global_colors_info=&#8221;{}&#8221;][et_pb_column type=&#8221;4_4&#8243; _builder_version=&#8221;4.16&#8243; global_colors_info=&#8221;{}&#8221;][et_pb_slider use_text_overlay=&#8221;on&#8221; _builder_version=&#8221;4.16&#8243; width=&#8221;100%&#8221; global_colors_info=&#8221;{}&#8221;][et_pb_slide heading=&#8221;KREA.CLOUD&#8221; button_text=&#8221;Scopri di +&#8221; button_link=&#8221;https:\/\/www.krea.cloud&#8221; url_new_window=&#8221;on&#8221; image=&#8221;https:\/\/spaziumani.com\/wp-content\/uploads\/2020\/06\/Schermata-2020-04-04-alle-11.09.43.png&#8221; _builder_version=&#8221;4.16&#8243; global_colors_info=&#8221;{}&#8221; sticky_transition=&#8221;on&#8221;]<\/p>\n<p>KREA.CLOUD \u00e8 una piattaforma per la gestione delle attivit\u00e0 del settore eventi.<\/p>\n<p>[\/et_pb_slide][et_pb_slide heading=&#8221;UVAT Ultra Violet AIR Tunnel&#8221; button_text=&#8221;Scopri di +&#8221; button_link=&#8221;https:\/\/www.uvat.eu&#8221; url_new_window=&#8221;on&#8221; image=&#8221;https:\/\/spaziumani.com\/wp-content\/uploads\/2020\/06\/logo-UVAT_color.png&#8221; _builder_version=&#8221;4.16&#8243; background_color=&#8221;#0C71C3&#8243; background_enable_color=&#8221;on&#8221; global_colors_info=&#8221;{}&#8221; sticky_transition=&#8221;on&#8221;]<\/p>\n<p>UVAT \u00e8 un sistema di sanificazione degli ambienti chiusi basato, invece, su una certezza: la scienza .<\/p>\n<p>[\/et_pb_slide][et_pb_slide heading=&#8221;alRisto&#8221; button_text=&#8221;Scopri di +&#8221; button_link=&#8221;https:\/\/www.alristo.it\/&#8221; url_new_window=&#8221;on&#8221; image=&#8221;https:\/\/spaziumani.com\/wp-content\/uploads\/2020\/06\/slide-1-1.png&#8221; _builder_version=&#8221;4.16&#8243; background_color=&#8221;#007fe0&#8243; background_enable_color=&#8221;on&#8221; background_enable_image=&#8221;off&#8221; global_colors_info=&#8221;{}&#8221; sticky_transition=&#8221;on&#8221;]<\/p>\n<p><b>Semplicissimo per te<\/b><span>, registrati, carica il tuo menu, scarica il tuo qr code e stampalo.<\/span><br \/><b>Semplicissimo per i tuoi clienti<\/b><span>, da qualsiasi smartphone potranno vedere la tua offerta.<\/span><\/p>\n<p>[\/et_pb_slide][et_pb_slide heading=&#8221;CapraUnica&#8221; button_text=&#8221;Scopri di +&#8221; image=&#8221;https:\/\/spaziumani.com\/wp-content\/uploads\/2020\/06\/Logo-CapraUnica.png&#8221; _builder_version=&#8221;4.16&#8243; global_colors_info=&#8221;{}&#8221; sticky_transition=&#8221;on&#8221;]<\/p>\n<p>L&#8217;Isola di CapraUnica \u00e8 un progetto di recupero di una borgata in stato di abbandono.<\/p>\n<p>[\/et_pb_slide][et_pb_slide heading=&#8221;Beirut 2020&#8243; button_text=&#8221;Scopri di pi\u00f9&#8221; button_link=&#8221;@ET-DC@eyJkeW5hbWljIjp0cnVlLCJjb250ZW50IjoicG9zdF9saW5rX3VybF9wYWdlIiwic2V0dGluZ3MiOnsicG9zdF9pZCI6IjExNSJ9fQ==@&#8221; url_new_window=&#8221;on&#8221; image=&#8221;https:\/\/spaziumani.com\/wp-content\/uploads\/2020\/08\/beirut-1.jpg&#8221; use_bg_overlay=&#8221;on&#8221; use_text_overlay=&#8221;on&#8221; _builder_version=&#8221;4.16&#8243; _dynamic_attributes=&#8221;button_link&#8221; _module_preset=&#8221;default&#8221; global_colors_info=&#8221;{}&#8221; sticky_transition=&#8221;on&#8221;]<\/p>\n<p>La nostra risposta alla tragedia del porto di Beirut, una raccolti fondi rapida e decisa, con l&#8217;obbiettivo di supportare la ricostruzione di porte e finestre per una decina di famiglie.<\/p>\n<p>[\/et_pb_slide][\/et_pb_slider][\/et_pb_column][\/et_pb_row][\/et_pb_section]<\/p>\n","protected":false},"excerpt":{"rendered":"<p>FANTASIA, INTUITO, PRATICITA&#8217; E DETERMINAZIONESpazi Umani \u00e8 un accelleratore di progetti innovativi promossi e supportati da Kreative People srlsManifesto per un Futuro di Pace e Responsabilit\u00e0 nell&#8217;Era della Singolarit\u00e0 Tecnologica e dei Conflitti Globali Mentre ci troviamo al crocevia di una nuova era, segnata da conflitti sparsi che echeggiano la terribile possibilit\u00e0 di una Terza [&hellip;]<\/p>\n","protected":false},"author":1,"featured_media":36,"parent":0,"menu_order":0,"comment_status":"closed","ping_status":"closed","template":"","meta":{"_et_pb_use_builder":"on","_et_pb_old_content":"","_et_gb_content_width":"","footnotes":""},"class_list":["post-49","page","type-page","status-publish","has-post-thumbnail","hentry"],"_links":{"self":[{"href":"https:\/\/spaziumani.com\/index.php?rest_route=\/wp\/v2\/pages\/49","targetHints":{"allow":["GET"]}}],"collection":[{"href":"https:\/\/spaziumani.com\/index.php?rest_route=\/wp\/v2\/pages"}],"about":[{"href":"https:\/\/spaziumani.com\/index.php?rest_route=\/wp\/v2\/types\/page"}],"author":[{"embeddable":true,"href":"https:\/\/spaziumani.com\/index.php?rest_route=\/wp\/v2\/users\/1"}],"replies":[{"embeddable":true,"href":"https:\/\/spaziumani.com\/index.php?rest_route=%2Fwp%2Fv2%2Fcomments&post=49"}],"version-history":[{"count":6,"href":"https:\/\/spaziumani.com\/index.php?rest_route=\/wp\/v2\/pages\/49\/revisions"}],"predecessor-version":[{"id":673,"href":"https:\/\/spaziumani.com\/index.php?rest_route=\/wp\/v2\/pages\/49\/revisions\/673"}],"wp:featuredmedia":[{"embeddable":true,"href":"https:\/\/spaziumani.com\/index.php?rest_route=\/wp\/v2\/media\/36"}],"wp:attachment":[{"href":"https:\/\/spaziumani.com\/index.php?rest_route=%2Fwp%2Fv2%2Fmedia&parent=49"}],"curies":[{"name":"wp","href":"https:\/\/api.w.org\/{rel}","templated":true}]}}